{"id":3281,"date":"2020-12-20T13:25:42","date_gmt":"2020-12-20T09:25:42","guid":{"rendered":"https:\/\/www.plutusfinancialprotection.com\/servizi\/servizi-bancari\/"},"modified":"2024-07-01T13:31:48","modified_gmt":"2024-07-01T09:31:48","slug":"servizi-bancari","status":"publish","type":"page","link":"https:\/\/www.plutusfinancialprotection.com\/it\/servizi\/servizi-bancari\/","title":{"rendered":"Servizi bancari"},"content":{"rendered":"<noscript><iframe data-src=\"https:\/\/www.googletagmanager.com\/ns.html?id=GTM-WMNJK9S\" height=\"0\" width=\"0\" style=\"display:none;visibility:hidden\" src=\"data:image\/svg+xml;base64,PHN2ZyB3aWR0aD0iMSIgaGVpZ2h0PSIxIiB4bWxucz0iaHR0cDovL3d3dy53My5vcmcvMjAwMC9zdmciPjwvc3ZnPg==\" class=\"lazyload\" data-load-mode=\"1\"><\/iframe><\/noscript>\t\t<div data-elementor-type=\"wp-page\" data-elementor-id=\"3281\" class=\"elementor elementor-3281 elementor-198\" data-elementor-post-type=\"page\">\n\t\t\t\t\t\t<section class=\"elementor-section elementor-top-section elementor-element elementor-element-7185599 elementor-section-height-min-height elementor-section-items-bottom elementor-section-boxed elementor-section-height-default\" data-id=\"7185599\" data-element_type=\"section\" data-e-type=\"section\" data-settings=\"{&quot;background_background&quot;:&quot;classic&quot;}\">\n\t\t\t\t\t\t\t<div class=\"elementor-background-overlay\"><\/div>\n\t\t\t\t\t\t\t<div class=\"elementor-container elementor-column-gap-default\">\n\t\t\t\t\t<div class=\"elementor-column elementor-col-100 elementor-top-column elementor-element elementor-element-16bb370\" data-id=\"16bb370\" data-element_type=\"column\" data-e-type=\"column\">\n\t\t\t<div class=\"elementor-widget-wrap elementor-element-populated\">\n\t\t\t\t\t\t<div class=\"elementor-element elementor-element-9548ba6 elementor-widget elementor-widget-heading\" data-id=\"9548ba6\" data-element_type=\"widget\" data-e-type=\"widget\" data-widget_type=\"heading.default\">\n\t\t\t\t<div class=\"elementor-widget-container\">\n\t\t\t\t\t<h1 class=\"elementor-heading-title elementor-size-default\">Servizi bancari<\/h1>\t\t\t\t<\/div>\n\t\t\t\t<\/div>\n\t\t\t\t<div class=\"elementor-element elementor-element-f345730 elementor-widget elementor-widget-heading\" data-id=\"f345730\" data-element_type=\"widget\" data-e-type=\"widget\" data-widget_type=\"heading.default\">\n\t\t\t\t<div class=\"elementor-widget-container\">\n\t\t\t\t\t<h3 class=\"elementor-heading-title elementor-size-default\">Aprire un conto corrente personale e aziendale con facilit\u00e0<\/h3>\t\t\t\t<\/div>\n\t\t\t\t<\/div>\n\t\t\t\t\t<\/div>\n\t\t<\/div>\n\t\t\t\t\t<\/div>\n\t\t<\/section>\n\t\t\t\t<section class=\"elementor-section elementor-top-section elementor-element elementor-element-2c709ce elementor-section-content-middle elementor-section-boxed elementor-section-height-default elementor-section-height-default\" data-id=\"2c709ce\" data-element_type=\"section\" data-e-type=\"section\">\n\t\t\t\t\t\t<div class=\"elementor-container elementor-column-gap-no\">\n\t\t\t\t\t<div class=\"elementor-column elementor-col-100 elementor-top-column elementor-element elementor-element-6207f76\" data-id=\"6207f76\" data-element_type=\"column\" data-e-type=\"column\">\n\t\t\t<div class=\"elementor-widget-wrap elementor-element-populated\">\n\t\t\t\t\t\t<div class=\"elementor-element elementor-element-c020ebe elementor-cta--layout-image-left elementor-cta--mobile-layout-image-above elementor-cta--valign-middle wr-txt elementor-cta--skin-classic elementor-animated-content elementor-widget elementor-widget-call-to-action\" data-id=\"c020ebe\" data-element_type=\"widget\" data-e-type=\"widget\" data-widget_type=\"call-to-action.default\">\n\t\t\t\t<div class=\"elementor-widget-container\">\n\t\t\t\t\t\t\t<div class=\"elementor-cta\">\n\t\t\t\t\t<div class=\"elementor-cta__bg-wrapper\">\n\t\t\t\t<div class=\"elementor-cta__bg elementor-bg lazyload\" style=\"background-image:inherit;\" role=\"img\" aria-label=\"Banking-Service\" data-bg-image=\"url(https:\/\/www.plutusfinancialprotection.com\/assets\/wp-content\/uploads\/2020\/12\/Banking-Service.jpg)\"><\/div>\n\t\t\t\t<div class=\"elementor-cta__bg-overlay\"><\/div>\n\t\t\t<\/div>\n\t\t\t\t\t\t\t<div class=\"elementor-cta__content\">\n\t\t\t\t\n\t\t\t\t\t\t\t\t\t<h2 class=\"elementor-cta__title elementor-cta__content-item elementor-content-item\">\n\t\t\t\t\t\t Servizi bancari\t\t\t\t\t<\/h2>\n\t\t\t\t\n\t\t\t\t\t\t\t\t\t<div class=\"elementor-cta__description elementor-cta__content-item elementor-content-item\">\n\t\t\t\t\t\t<p>Un conto bancario aziendale \u00e8 necessario affinch\u00e9 la tua azienda possa registrare le entrate per le sue transazioni.<br \/>Un'azienda potrebbe non essere considerata funzionale se non ha un conto bancario a proprio nome.<\/p>\n<p>La fatturazione tramite conto bancario aziendale non solo \u00e8 pi\u00f9 professionale e credibile, ma \u00e8 anche conforme alle normative degli Emirati Arabi Uniti, in quanto non \u00e8 consentito registrare il reddito d'impresa su conti bancari personali.<\/p>\n<p>I conti bancari personali sono necessari per conservare il tuo patrimonio negli Emirati Arabi Uniti in un ambiente sicuro e possono essere utilizzati per ricevere redditi provenienti da diverse fonti, anche dall'estero (la tua attivit\u00e0, i tuoi investimenti, ecc.).<span style=\"font-size: 1rem;\"><\/span><\/p>\n\t\t\t\t\t<\/div>\n\t\t\t\t\n\t\t\t\t\t\t\t<\/div>\n\t\t\t\t\t\t<\/div>\n\t\t\t\t\t\t<\/div>\n\t\t\t\t<\/div>\n\t\t\t\t\t<\/div>\n\t\t<\/div>\n\t\t\t\t\t<\/div>\n\t\t<\/section>\n\t\t\t\t<section class=\"elementor-section elementor-top-section elementor-element elementor-element-3d3b8ba elementor-section-boxed elementor-section-height-default elementor-section-height-default\" data-id=\"3d3b8ba\" data-element_type=\"section\" data-e-type=\"section\" data-settings=\"{&quot;background_background&quot;:&quot;classic&quot;}\">\n\t\t\t\t\t\t\t<div class=\"elementor-background-overlay\"><\/div>\n\t\t\t\t\t\t\t<div class=\"elementor-container elementor-column-gap-default\">\n\t\t\t\t\t<div class=\"elementor-column elementor-col-100 elementor-top-column elementor-element elementor-element-546cf69\" data-id=\"546cf69\" data-element_type=\"column\" data-e-type=\"column\">\n\t\t\t<div class=\"elementor-widget-wrap elementor-element-populated\">\n\t\t\t\t\t\t<section class=\"elementor-section elementor-inner-section elementor-element elementor-element-7b6e39a elementor-section-boxed elementor-section-height-default elementor-section-height-default\" data-id=\"7b6e39a\" data-element_type=\"section\" data-e-type=\"section\">\n\t\t\t\t\t\t<div class=\"elementor-container elementor-column-gap-default\">\n\t\t\t\t\t<div class=\"elementor-column elementor-col-50 elementor-inner-column elementor-element elementor-element-9cb6cef\" data-id=\"9cb6cef\" data-element_type=\"column\" data-e-type=\"column\">\n\t\t\t<div class=\"elementor-widget-wrap elementor-element-populated\">\n\t\t\t\t\t\t<div class=\"elementor-element elementor-element-28840e2 elementor-widget elementor-widget-heading\" data-id=\"28840e2\" data-element_type=\"widget\" data-e-type=\"widget\" data-widget_type=\"heading.default\">\n\t\t\t\t<div class=\"elementor-widget-container\">\n\t\t\t\t\t<h2 class=\"elementor-heading-title elementor-size-default\">Perch\u00e9 ti serve un conto corrente aziendale negli Emirati Arabi Uniti?\n<\/h2>\t\t\t\t<\/div>\n\t\t\t\t<\/div>\n\t\t\t\t<div class=\"elementor-element elementor-element-8d8cecc elementor-widget elementor-widget-image\" data-id=\"8d8cecc\" data-element_type=\"widget\" data-e-type=\"widget\" data-widget_type=\"image.default\">\n\t\t\t\t<div class=\"elementor-widget-container\">\n\t\t\t\t\t\t\t\t\t\t\t\t\t\t\t<img fetchpriority=\"high\" decoding=\"async\" width=\"1920\" height=\"720\" src=\"https:\/\/www.plutusfinancialprotection.com\/assets\/wp-content\/uploads\/2020\/12\/Company-Formation-ind-dubai.jpg\" class=\"attachment-full size-full wp-image-1128\" alt=\"Company Formation in dubai\" srcset=\"https:\/\/www.plutusfinancialprotection.com\/assets\/wp-content\/uploads\/2020\/12\/Company-Formation-ind-dubai.jpg 1920w, https:\/\/www.plutusfinancialprotection.com\/assets\/wp-content\/uploads\/2020\/12\/Company-Formation-ind-dubai-300x113.jpg 300w, https:\/\/www.plutusfinancialprotection.com\/assets\/wp-content\/uploads\/2020\/12\/Company-Formation-ind-dubai-1024x384.jpg 1024w, https:\/\/www.plutusfinancialprotection.com\/assets\/wp-content\/uploads\/2020\/12\/Company-Formation-ind-dubai-768x288.jpg 768w, https:\/\/www.plutusfinancialprotection.com\/assets\/wp-content\/uploads\/2020\/12\/Company-Formation-ind-dubai-1536x576.jpg 1536w\" sizes=\"(max-width: 1920px) 100vw, 1920px\" \/>\t\t\t\t\t\t\t\t\t\t\t\t\t\t\t<\/div>\n\t\t\t\t<\/div>\n\t\t\t\t<div class=\"elementor-element elementor-element-0395408 elementor-widget elementor-widget-icon-box\" data-id=\"0395408\" data-element_type=\"widget\" data-e-type=\"widget\" data-widget_type=\"icon-box.default\">\n\t\t\t\t<div class=\"elementor-widget-container\">\n\t\t\t\t\t\t\t<div class=\"elementor-icon-box-wrapper\">\n\n\t\t\t\n\t\t\t\t\t\t<div class=\"elementor-icon-box-content\">\n\n\t\t\t\t\t\t\t\t\t<h3 class=\"elementor-icon-box-title\">\n\t\t\t\t\t\t<span  >\n\t\t\t\t\t\t\tPROFESSIONALIT\u00c0\t\t\t\t\t\t<\/span>\n\t\t\t\t\t<\/h3>\n\t\t\t\t\n\t\t\t\t\t\t\t\t\t<p class=\"elementor-icon-box-description\">\n\t\t\t\t\t\tNon \u00e8 professionale fatturare ai tuoi clienti con un conto bancario personale o con un conto che non corrisponde alla tua ragione sociale. Molti clienti potrebbero addirittura rifiutarsi di effettuare pagamenti verso un conto che non ritengono affidabile.<br>\u00c8 molto meglio che i tuoi clienti effettuino i pagamenti a \"SMITH CONSULTING LLC\" piuttosto che a \"John Smith\".\t\t\t\t\t<\/p>\n\t\t\t\t\n\t\t\t<\/div>\n\t\t\t\n\t\t<\/div>\n\t\t\t\t\t\t<\/div>\n\t\t\t\t<\/div>\n\t\t\t\t\t<\/div>\n\t\t<\/div>\n\t\t\t\t<div class=\"elementor-column elementor-col-50 elementor-inner-column elementor-element elementor-element-de1bdf7\" data-id=\"de1bdf7\" data-element_type=\"column\" data-e-type=\"column\">\n\t\t\t<div class=\"elementor-widget-wrap elementor-element-populated\">\n\t\t\t\t\t\t<div class=\"elementor-element elementor-element-13ae162 elementor-widget elementor-widget-icon-box\" data-id=\"13ae162\" data-element_type=\"widget\" data-e-type=\"widget\" data-widget_type=\"icon-box.default\">\n\t\t\t\t<div class=\"elementor-widget-container\">\n\t\t\t\t\t\t\t<div class=\"elementor-icon-box-wrapper\">\n\n\t\t\t\n\t\t\t\t\t\t<div class=\"elementor-icon-box-content\">\n\n\t\t\t\t\t\t\t\t\t<h3 class=\"elementor-icon-box-title\">\n\t\t\t\t\t\t<span  >\n\t\t\t\t\t\t\tCONFORMIT\u00c0 ALLE NORMATIVE UAE\t\t\t\t\t\t<\/span>\n\t\t\t\t\t<\/h3>\n\t\t\t\t\n\t\t\t\t\t\t\t\t\t<p class=\"elementor-icon-box-description\">\n\t\t\t\t\t\tC'\u00e8 un limite alle transazioni che puoi registrare mensilmente sul tuo conto corrente personale. Inoltre, alcune banche potrebbero decidere di chiudere il tuo conto se continui a registrare le transazioni commerciali su un conto personale.  <br>Un conto corrente aziendale risponde a questa esigenza e, fatturando attraverso di esso, puoi essere sicuro di non dover dare spiegazioni sulle tue transazioni alla banca e\/o di non incorrere nel rischio di veder chiuso il tuo conto.\t\t\t\t\t<\/p>\n\t\t\t\t\n\t\t\t<\/div>\n\t\t\t\n\t\t<\/div>\n\t\t\t\t\t\t<\/div>\n\t\t\t\t<\/div>\n\t\t\t\t<div class=\"elementor-element elementor-element-3909c11 elementor-widget elementor-widget-icon-box\" data-id=\"3909c11\" data-element_type=\"widget\" data-e-type=\"widget\" data-widget_type=\"icon-box.default\">\n\t\t\t\t<div class=\"elementor-widget-container\">\n\t\t\t\t\t\t\t<div class=\"elementor-icon-box-wrapper\">\n\n\t\t\t\n\t\t\t\t\t\t<div class=\"elementor-icon-box-content\">\n\n\t\t\t\t\t\t\t\t\t<h3 class=\"elementor-icon-box-title\">\n\t\t\t\t\t\t<span  >\n\t\t\t\t\t\t\tMANTENERE LA RESPONSABILIT\u00c0 LIMITATA\t\t\t\t\t\t<\/span>\n\t\t\t\t\t<\/h3>\n\t\t\t\t\n\t\t\t\t\t\t\t\t\t<p class=\"elementor-icon-box-description\">\n\t\t\t\t\t\tTutte le societ\u00e0 costituite da Plutus Financial Protection sono a RESPONSABILIT\u00c0 LEGALE LIMITATA. La protezione \u00e8 nel nostro nome e offriamo ai nostri clienti solo strutture aziendali PROTETTE.<br>Se inizi a mescolare le transazioni con il tuo conto bancario personale, potresti essere responsabile per quelle transazioni a tuo nome personale, quindi dovrai rispondere delle responsabilit\u00e0 non solo con i beni della tua azienda ma anche con i tuoi. Vogliamo offrirti la massima protezione al 100%, quindi ti aiutiamo a ottenere un conto corrente aziendale per condurre le tue transazioni commerciali... senza stress.\t\t\t\t\t<\/p>\n\t\t\t\t\n\t\t\t<\/div>\n\t\t\t\n\t\t<\/div>\n\t\t\t\t\t\t<\/div>\n\t\t\t\t<\/div>\n\t\t\t\t\t<\/div>\n\t\t<\/div>\n\t\t\t\t\t<\/div>\n\t\t<\/section>\n\t\t\t\t\t<\/div>\n\t\t<\/div>\n\t\t\t\t\t<\/div>\n\t\t<\/section>\n\t\t\t\t<\/div>\n\t\t","protected":false},"excerpt":{"rendered":"<p>Aprire un conto corrente personale e aziendale con facilit\u00e0 Servizi bancari Un conto bancario aziendale \u00e8 necessario affinch\u00e9 la tua azienda possa registrare le entrate per le sue transazioni.Un&#8217;azienda potrebbe non essere considerata funzionale se non ha un conto bancario a proprio nome. La fatturazione tramite conto bancario aziendale non solo \u00e8 pi\u00f9 professionale e [&hellip;]<\/p>\n","protected":false},"author":3,"featured_media":0,"parent":3253,"menu_order":0,"comment_status":"closed","ping_status":"closed","template":"","meta":{"footnotes":""},"class_list":["post-3281","page","type-page","status-publish","hentry"],"_links":{"self":[{"href":"https:\/\/www.plutusfinancialprotection.com\/it\/wp-json\/wp\/v2\/pages\/3281","targetHints":{"allow":["GET"]}}],"collection":[{"href":"https:\/\/www.plutusfinancialprotection.com\/it\/wp-json\/wp\/v2\/pages"}],"about":[{"href":"https:\/\/www.plutusfinancialprotection.com\/it\/wp-json\/wp\/v2\/types\/page"}],"author":[{"embeddable":true,"href":"https:\/\/www.plutusfinancialprotection.com\/it\/wp-json\/wp\/v2\/users\/3"}],"replies":[{"embeddable":true,"href":"https:\/\/www.plutusfinancialprotection.com\/it\/wp-json\/wp\/v2\/comments?post=3281"}],"version-history":[{"count":3,"href":"https:\/\/www.plutusfinancialprotection.com\/it\/wp-json\/wp\/v2\/pages\/3281\/revisions"}],"predecessor-version":[{"id":3352,"href":"https:\/\/www.plutusfinancialprotection.com\/it\/wp-json\/wp\/v2\/pages\/3281\/revisions\/3352"}],"up":[{"embeddable":true,"href":"https:\/\/www.plutusfinancialprotection.com\/it\/wp-json\/wp\/v2\/pages\/3253"}],"wp:attachment":[{"href":"https:\/\/www.plutusfinancialprotection.com\/it\/wp-json\/wp\/v2\/media?parent=3281"}],"curies":[{"name":"wp","href":"https:\/\/api.w.org\/{rel}","templated":true}]}}