{"id":3262,"date":"2024-06-11T11:30:24","date_gmt":"2024-06-11T07:30:24","guid":{"rendered":"https:\/\/www.plutusfinancialprotection.com\/soluzioni-di-finanza-commerciale\/"},"modified":"2024-07-01T13:32:27","modified_gmt":"2024-07-01T09:32:27","slug":"soluzioni-di-finanza-commerciale","status":"publish","type":"page","link":"https:\/\/www.plutusfinancialprotection.com\/it\/soluzioni-di-finanza-commerciale\/","title":{"rendered":"Soluzioni di finanza commerciale"},"content":{"rendered":"<noscript><iframe data-src=\"https:\/\/www.googletagmanager.com\/ns.html?id=GTM-WMNJK9S\" height=\"0\" width=\"0\" style=\"display:none;visibility:hidden\" src=\"data:image\/svg+xml;base64,PHN2ZyB3aWR0aD0iMSIgaGVpZ2h0PSIxIiB4bWxucz0iaHR0cDovL3d3dy53My5vcmcvMjAwMC9zdmciPjwvc3ZnPg==\" class=\"lazyload\" data-load-mode=\"1\"><\/iframe><\/noscript>\t\t<div data-elementor-type=\"wp-page\" data-elementor-id=\"3262\" class=\"elementor elementor-3262 elementor-3035\" data-elementor-post-type=\"page\">\n\t\t\t\t\t\t<section class=\"elementor-section elementor-top-section elementor-element elementor-element-7d898fc8 elementor-section-boxed elementor-section-height-default elementor-section-height-default\" data-id=\"7d898fc8\" data-element_type=\"section\" data-e-type=\"section\">\n\t\t\t\t\t\t<div class=\"elementor-container elementor-column-gap-default\">\n\t\t\t\t\t<div class=\"elementor-column elementor-col-100 elementor-top-column elementor-element elementor-element-a6be999\" data-id=\"a6be999\" data-element_type=\"column\" data-e-type=\"column\">\n\t\t\t<div class=\"elementor-widget-wrap elementor-element-populated\">\n\t\t\t\t\t\t<div class=\"elementor-element elementor-element-4c99e05 elementor-widget elementor-widget-image\" data-id=\"4c99e05\" data-element_type=\"widget\" data-e-type=\"widget\" data-widget_type=\"image.default\">\n\t\t\t\t<div class=\"elementor-widget-container\">\n\t\t\t\t\t\t\t\t\t\t\t\t\t\t\t<img fetchpriority=\"high\" decoding=\"async\" width=\"800\" height=\"420\" src=\"https:\/\/www.plutusfinancialprotection.com\/assets\/wp-content\/uploads\/2020\/12\/cq5dam.web_.1200.630-1024x538.jpg\" class=\"attachment-large size-large wp-image-998\" alt=\"\" srcset=\"https:\/\/www.plutusfinancialprotection.com\/assets\/wp-content\/uploads\/2020\/12\/cq5dam.web_.1200.630-1024x538.jpg 1024w, https:\/\/www.plutusfinancialprotection.com\/assets\/wp-content\/uploads\/2020\/12\/cq5dam.web_.1200.630-300x158.jpg 300w, https:\/\/www.plutusfinancialprotection.com\/assets\/wp-content\/uploads\/2020\/12\/cq5dam.web_.1200.630-768x403.jpg 768w, https:\/\/www.plutusfinancialprotection.com\/assets\/wp-content\/uploads\/2020\/12\/cq5dam.web_.1200.630.jpg 1200w\" sizes=\"(max-width: 800px) 100vw, 800px\" \/>\t\t\t\t\t\t\t\t\t\t\t\t\t\t\t<\/div>\n\t\t\t\t<\/div>\n\t\t\t\t<div class=\"elementor-element elementor-element-8948423 elementor-widget elementor-widget-text-editor\" data-id=\"8948423\" data-element_type=\"widget\" data-e-type=\"widget\" data-widget_type=\"text-editor.default\">\n\t\t\t\t<div class=\"elementor-widget-container\">\n\t\t\t\t\t\t\t\t\t\n<p>Benvenuto in Plutus Factoring Services, il tuo alleato affidabile per affrontare le complessit\u00e0 del commercio internazionale e del recupero crediti. La nostra missione \u00e8 quella di salvaguardare i tuoi interessi finanziari e fornire i tassi di interesse pi\u00f9 competitivi, aiutando la tua azienda a prosperare nel mercato globale.<\/p>\n\n<h3>Cosa offriamo<\/h3>\n\n<p><strong>1. Facilitazione del commercio internazionale:<\/strong><\/p>\n\n<ul>\n<li>Supportiamo le imprese nella gestione e nel finanziamento delle loro transazioni commerciali internazionali.<\/li>\n<li>I nostri servizi garantiscono operazioni transfrontaliere senza problemi, riducendo i rischi associati al commercio globale.<\/li>\n<\/ul>\n\n<p><strong>2. Recupero crediti:<\/strong><\/p>\n\n<ul>\n<li>Plutus Factoring Services ti toglie il peso del recupero crediti.<\/li>\n<li>Gestiamo l&#8217;intero processo, garantendo pagamenti puntuali e riducendo il rischio di crediti inesigibili.<\/li>\n<\/ul>\n\n<h3>Vantaggi principali<\/h3>\n\n<p><strong>1. Oneri di interesse competitivi:<\/strong><\/p>\n\n<ul>\n<li>Usufruisci dei migliori interessi del mercato, con termini che arrivano fino a 120 giorni.<\/li>\n<li>Le nostre tariffe sono studiate per essere vantaggiose, assicurandoti di ottenere il massimo dai tuoi accordi finanziari.<\/li>\n<\/ul>\n\n<p><strong>2. Flessibilit\u00e0:<\/strong><\/p>\n\n<ul>\n<li>Che la tua azienda sia di recente costituzione o ben avviata, siamo qui per aiutarti.<\/li>\n<li>Se i tuoi acquirenti sono affidabili, possiamo fornirti i finanziamenti necessari per sostenere le tue attivit\u00e0.<\/li>\n<\/ul>\n\n<p><strong>3. Salvaguardia dei tuoi interessi:<\/strong><\/p>\n\n<ul>\n<li>Per Plutus Factoring Services la tua sicurezza finanziaria \u00e8 la nostra priorit\u00e0.<\/li>\n<li>Mettiamo in atto controlli e bilanciamenti rigorosi per proteggere i tuoi interessi e garantire transazioni senza intoppi.<\/li>\n<\/ul>\n\n<h3>Perch\u00e9 scegliere i servizi di factoring di Plutus?<\/h3>\n\n<p><strong>1. Competenze:<\/strong><\/p>\n\n<ul>\n<li>Il nostro team \u00e8 composto da professionisti esperti con una vasta esperienza nel commercio e nella finanza internazionale.<\/li>\n<li>Portiamo conoscenze e competenze leader del settore in ogni interazione con i clienti.<\/li>\n<\/ul>\n\n<p><strong>2. Servizio personalizzato:<\/strong><\/p>\n\n<ul>\n<li>Siamo consapevoli che ogni azienda \u00e8 unica.<\/li>\n<li>I nostri servizi sono studiati su misura per soddisfare le tue esigenze specifiche, garantendo una soluzione personalizzata che si adatta al tuo modello di business.<\/li>\n<\/ul>\n\n<p><strong>3. Fiducia e affidabilit\u00e0:<\/strong><\/p>\n\n<ul>\n<li>Plutus Factoring Services si impegna a costruire relazioni a lungo termine basate sulla fiducia e sull&#8217;affidabilit\u00e0.<\/li>\n<li>Ci impegniamo a fornire un servizio eccezionale e a superare le tue aspettative in ogni occasione.<\/li>\n<\/ul>\n\n<h3>Inizia a lavorare con i servizi di factoring di Plutus<\/h3>\n\n<p>Libera il potenziale della tua azienda con i servizi di Factoring di Plutus. Collabora con noi per facilitare il tuo commercio internazionale, semplificare la riscossione dei crediti e beneficiare dei migliori interessi disponibili. Contattaci oggi stesso per saperne di pi\u00f9 su come possiamo sostenere la crescita della tua azienda e il tuo successo finanziario.<\/p>\n<hr class=\"wp-block-separator\">\n<p>Per maggiori informazioni, contatta il nostro servizio clienti. Lascia che Plutus Factoring Services sia il catalizzatore del tuo successo commerciale internazionale.<\/p>\n\t\t\t\t\t\t\t\t<\/div>\n\t\t\t\t<\/div>\n\t\t\t\t\t<\/div>\n\t\t<\/div>\n\t\t\t\t\t<\/div>\n\t\t<\/section>\n\t\t\t\t<\/div>\n\t\t","protected":false},"excerpt":{"rendered":"<p>Benvenuto in Plutus Factoring Services, il tuo alleato affidabile per affrontare le complessit\u00e0 del commercio internazionale e del recupero crediti. La nostra missione \u00e8 quella di salvaguardare i tuoi interessi finanziari e fornire i tassi di interesse pi\u00f9 competitivi, aiutando la tua azienda a prosperare nel mercato globale. Cosa offriamo 1. Facilitazione del commercio internazionale: [&hellip;]<\/p>\n","protected":false},"author":3,"featured_media":0,"parent":0,"menu_order":0,"comment_status":"closed","ping_status":"closed","template":"elementor_header_footer","meta":{"footnotes":""},"class_list":["post-3262","page","type-page","status-publish","hentry"],"_links":{"self":[{"href":"https:\/\/www.plutusfinancialprotection.com\/it\/wp-json\/wp\/v2\/pages\/3262","targetHints":{"allow":["GET"]}}],"collection":[{"href":"https:\/\/www.plutusfinancialprotection.com\/it\/wp-json\/wp\/v2\/pages"}],"about":[{"href":"https:\/\/www.plutusfinancialprotection.com\/it\/wp-json\/wp\/v2\/types\/page"}],"author":[{"embeddable":true,"href":"https:\/\/www.plutusfinancialprotection.com\/it\/wp-json\/wp\/v2\/users\/3"}],"replies":[{"embeddable":true,"href":"https:\/\/www.plutusfinancialprotection.com\/it\/wp-json\/wp\/v2\/comments?post=3262"}],"version-history":[{"count":7,"href":"https:\/\/www.plutusfinancialprotection.com\/it\/wp-json\/wp\/v2\/pages\/3262\/revisions"}],"predecessor-version":[{"id":3360,"href":"https:\/\/www.plutusfinancialprotection.com\/it\/wp-json\/wp\/v2\/pages\/3262\/revisions\/3360"}],"wp:attachment":[{"href":"https:\/\/www.plutusfinancialprotection.com\/it\/wp-json\/wp\/v2\/media?parent=3262"}],"curies":[{"name":"wp","href":"https:\/\/api.w.org\/{rel}","templated":true}]}}