{"id":3258,"date":"2020-12-30T11:40:59","date_gmt":"2020-12-30T07:40:59","guid":{"rendered":"https:\/\/www.plutusfinancialprotection.com\/impronta\/"},"modified":"2024-07-01T13:31:31","modified_gmt":"2024-07-01T09:31:31","slug":"impronta","status":"publish","type":"page","link":"https:\/\/www.plutusfinancialprotection.com\/it\/impronta\/","title":{"rendered":"Impronta"},"content":{"rendered":"<noscript><iframe data-src=\"https:\/\/www.googletagmanager.com\/ns.html?id=GTM-WMNJK9S\" height=\"0\" width=\"0\" style=\"display:none;visibility:hidden\" src=\"data:image\/svg+xml;base64,PHN2ZyB3aWR0aD0iMSIgaGVpZ2h0PSIxIiB4bWxucz0iaHR0cDovL3d3dy53My5vcmcvMjAwMC9zdmciPjwvc3ZnPg==\" class=\"lazyload\" data-load-mode=\"1\"><\/iframe><\/noscript>\t\t<div data-elementor-type=\"wp-page\" data-elementor-id=\"3258\" class=\"elementor elementor-3258 elementor-1531\" data-elementor-post-type=\"page\">\n\t\t\t\t\t\t<section class=\"elementor-section elementor-top-section elementor-element elementor-element-507e92c elementor-section-height-min-height elementor-section-boxed elementor-section-height-default elementor-section-items-middle\" data-id=\"507e92c\" data-element_type=\"section\" data-e-type=\"section\" data-settings=\"{&quot;background_background&quot;:&quot;classic&quot;}\">\n\t\t\t\t\t\t\t<div class=\"elementor-background-overlay\"><\/div>\n\t\t\t\t\t\t\t<div class=\"elementor-container elementor-column-gap-default\">\n\t\t\t\t\t<div class=\"elementor-column elementor-col-100 elementor-top-column elementor-element elementor-element-dd31aad\" data-id=\"dd31aad\" data-element_type=\"column\" data-e-type=\"column\">\n\t\t\t<div class=\"elementor-widget-wrap elementor-element-populated\">\n\t\t\t\t\t\t<div class=\"elementor-element elementor-element-73cc536 elementor-widget elementor-widget-heading\" data-id=\"73cc536\" data-element_type=\"widget\" data-e-type=\"widget\" data-widget_type=\"heading.default\">\n\t\t\t\t<div class=\"elementor-widget-container\">\n\t\t\t\t\t<h1 class=\"elementor-heading-title elementor-size-default\">Impronta<\/h1>\t\t\t\t<\/div>\n\t\t\t\t<\/div>\n\t\t\t\t<div class=\"elementor-element elementor-element-49e2590 elementor-widget elementor-widget-heading\" data-id=\"49e2590\" data-element_type=\"widget\" data-e-type=\"widget\" data-widget_type=\"heading.default\">\n\t\t\t\t<div class=\"elementor-widget-container\">\n\t\t\t\t\t<h3 class=\"elementor-heading-title elementor-size-default\">L'attivit\u00e0 imprenditoriale richiede l'assunzione di responsabilit\u00e0 da parte di tutti Ultimo aggiornamento: 05 ottobre 2020<\/h3>\t\t\t\t<\/div>\n\t\t\t\t<\/div>\n\t\t\t\t\t<\/div>\n\t\t<\/div>\n\t\t\t\t\t<\/div>\n\t\t<\/section>\n\t\t\t\t<section class=\"elementor-section elementor-top-section elementor-element elementor-element-a07b707 elementor-section-content-middle elementor-section-boxed elementor-section-height-default elementor-section-height-default\" data-id=\"a07b707\" data-element_type=\"section\" data-e-type=\"section\">\n\t\t\t\t\t\t<div class=\"elementor-container elementor-column-gap-no\">\n\t\t\t\t\t<div class=\"elementor-column elementor-col-100 elementor-top-column elementor-element elementor-element-eee263b\" data-id=\"eee263b\" data-element_type=\"column\" data-e-type=\"column\">\n\t\t\t<div class=\"elementor-widget-wrap elementor-element-populated\">\n\t\t\t\t\t\t<div class=\"elementor-element elementor-element-355a87b webotic elementor-widget elementor-widget-text-editor\" data-id=\"355a87b\" data-element_type=\"widget\" data-e-type=\"widget\" data-widget_type=\"text-editor.default\">\n\t\t\t\t<div class=\"elementor-widget-container\">\n\t\t\t\t\t\t\t\t\t<section class=\"elementor-section elementor-top-section elementor-element elementor-element-eef10bd elementor-section-boxed elementor-section-height-default elementor-section-height-default\" data-id=\"eef10bd\" data-element_type=\"section\">\n<div class=\"elementor-container elementor-column-gap-default\">\n<div class=\"elementor-row\">\n<div class=\"elementor-column elementor-col-100 elementor-top-column elementor-element elementor-element-f950fff\" data-id=\"f950fff\" data-element_type=\"column\" data-settings=\"{\">\n<div class=\"elementor-column-wrap elementor-element-populated\">\n<div class=\"elementor-widget-wrap\">\n<div class=\"elementor-element elementor-element-d5ed0ec elementor-widget elementor-widget-heading\" data-id=\"d5ed0ec\" data-element_type=\"widget\" data-widget_type=\"heading.default\">\n<div class=\"elementor-widget-container\">\n<h2 class=\"elementor-heading-title elementor-size-default\">Avviso legale<\/h2>\n<\/div>\n<\/div>\n<div class=\"elementor-element elementor-element-bac0325 elementor-widget elementor-widget-text-editor\" data-id=\"bac0325\" data-element_type=\"widget\" data-widget_type=\"text-editor.default\">\n<div class=\"elementor-widget-container\">\n<div class=\"elementor-text-editor elementor-clearfix\">\n<p><strong>Plutus<\/strong><br>Dubai<br>Emirati Arabi Uniti<\/p>\n<p><strong>Rappresentato dal Consiglio di Amministrazione<\/strong><\/p>\n<p>Gaetano Tufolo<\/p>\n<p><strong>Contatto<\/strong><br>Email: <span class=\"elementor-icon-list-text\">info@plutusfinancialprotection.com<\/span><\/p>\n<p><strong>Informazioni sull&#8217;azienda<\/strong><br>Plutus, una societ\u00e0 a responsabilit\u00e0 limitata costituita in conformit\u00e0 alla legge degli Emirati Arabi Uniti, con sede a Dubai.<\/p>\n<p><strong>Copyright<\/strong><br>Copyright 2021 Plutus, Emirati Arabi Uniti. Tutti i diritti riservati.<br>Il testo, le illustrazioni, la grafica, i suoni, le animazioni e i video, cos\u00ec come la loro disposizione su questo sito web, sono soggetti a copyright e ad altre leggi di tutela.<\/p>\n<p>Plutus non si assume alcuna responsabilit\u00e0 per la completezza e\/o la correttezza dei contenuti del sito web, a meno che non siano contrari a norme imperative.<\/p>\n<p>Qualsiasi uso diverso da quello personale \u00e8 soggetto alla previa approvazione scritta di Plutus. In particolare, \u00e8 vietato copiare, trasferire, diffondere o conservare i documenti.<\/p>\n<p>Plutus non si assume alcuna responsabilit\u00e0 per i contenuti dei siti web a cui si fa riferimento sul sito www.plutus.com.<\/p>\n<p><strong>Marchi di fabbrica<\/strong><br>Se non diversamente specificato, tutti i marchi presenti su questo sito web sono protetti da diritti di propriet\u00e0. Questo vale in particolare per i marchi Plutus, le targhette, i loghi aziendali e gli emblemi.<\/p>\n<\/div>\n<\/div>\n<\/div>\n<div class=\"elementor-element elementor-element-f128389 elementor-widget elementor-widget-heading\" data-id=\"f128389\" data-element_type=\"widget\" data-widget_type=\"heading.default\">\n<div class=\"elementor-widget-container\">\n<h2 class=\"elementor-heading-title elementor-size-default\"><a href=\"https:\/\/www.webotic.ae\/website-solutions-strategy-website-design-marketing-seo\/\">Agenzia di design di siti web<\/a><\/h2>\n<\/div>\n<\/div>\n<div class=\"elementor-element elementor-element-2b0d779 elementor-widget elementor-widget-text-editor\" data-id=\"2b0d779\" data-element_type=\"widget\" data-widget_type=\"text-editor.default\">\n<div class=\"elementor-widget-container\">\n<div class=\"elementor-text-editor elementor-clearfix\">\n<p><strong><a href=\"https:\/\/www.webotic.ae\/\">Webotic<\/a> Design percettivo<\/strong><br>Tamani Arts Tower, Business Bay<br>Dubai, Emirati Arabi Uniti<br><a href=\"https:\/\/www.webotic.ae\/website-solutions-strategy-website-design-marketing-seo\/\" target=\"_blank\" rel=\"noopener\">Design di siti web<\/a>, <a href=\"https:\/\/www.webotic.ae\/website-solutions-strategy-website-design-marketing-seo\/\" target=\"_blank\" rel=\"noopener\">marketing digitale<\/a>, <a href=\"https:\/\/www.webotic.ae\/website-solutions-strategy-website-design-marketing-seo\/\" target=\"_blank\" rel=\"noopener\">ottimizzazione dei motori di ricerca<\/a><\/p>\n<p><strong>Supporto alla comunicazione<\/strong><br>Email:&nbsp; support@hd-g.net<br>Sito web: <a href=\"https:\/\/www.webotic.ae\/\" target=\"_blank\" rel=\"noopener\">www.webotic.ae<\/a><\/p>\n<\/div>\n<\/div>\n<\/div>\n<\/div>\n<\/div>\n<\/div>\n<\/div>\n<\/div>\n<\/section>\t\t\t\t\t\t\t\t<\/div>\n\t\t\t\t<\/div>\n\t\t\t\t\t<\/div>\n\t\t<\/div>\n\t\t\t\t\t<\/div>\n\t\t<\/section>\n\t\t\t\t<\/div>\n\t\t","protected":false},"excerpt":{"rendered":"<p>L&#8217;attivit\u00e0 imprenditoriale richiede l&#8217;assunzione di responsabilit\u00e0 da parte di tutti Ultimo aggiornamento: 05 ottobre 2020 Avviso legale PlutusDubaiEmirati Arabi Uniti Rappresentato dal Consiglio di Amministrazione Gaetano Tufolo ContattoEmail: info@plutusfinancialprotection.com Informazioni sull&#8217;aziendaPlutus, una societ\u00e0 a responsabilit\u00e0 limitata costituita in conformit\u00e0 alla legge degli Emirati Arabi Uniti, con sede a Dubai. CopyrightCopyright 2021 Plutus, Emirati Arabi Uniti. [&hellip;]<\/p>\n","protected":false},"author":3,"featured_media":0,"parent":0,"menu_order":0,"comment_status":"closed","ping_status":"closed","template":"","meta":{"footnotes":""},"class_list":["post-3258","page","type-page","status-publish","hentry"],"_links":{"self":[{"href":"https:\/\/www.plutusfinancialprotection.com\/it\/wp-json\/wp\/v2\/pages\/3258","targetHints":{"allow":["GET"]}}],"collection":[{"href":"https:\/\/www.plutusfinancialprotection.com\/it\/wp-json\/wp\/v2\/pages"}],"about":[{"href":"https:\/\/www.plutusfinancialprotection.com\/it\/wp-json\/wp\/v2\/types\/page"}],"author":[{"embeddable":true,"href":"https:\/\/www.plutusfinancialprotection.com\/it\/wp-json\/wp\/v2\/users\/3"}],"replies":[{"embeddable":true,"href":"https:\/\/www.plutusfinancialprotection.com\/it\/wp-json\/wp\/v2\/comments?post=3258"}],"version-history":[{"count":3,"href":"https:\/\/www.plutusfinancialprotection.com\/it\/wp-json\/wp\/v2\/pages\/3258\/revisions"}],"predecessor-version":[{"id":3344,"href":"https:\/\/www.plutusfinancialprotection.com\/it\/wp-json\/wp\/v2\/pages\/3258\/revisions\/3344"}],"wp:attachment":[{"href":"https:\/\/www.plutusfinancialprotection.com\/it\/wp-json\/wp\/v2\/media?parent=3258"}],"curies":[{"name":"wp","href":"https:\/\/api.w.org\/{rel}","templated":true}]}}